{"id":2482,"date":"2024-11-20T23:04:09","date_gmt":"2024-11-20T22:04:09","guid":{"rendered":"https:\/\/souslaileduphoenix.com\/?page_id=2482"},"modified":"2024-11-21T21:32:36","modified_gmt":"2024-11-21T20:32:36","slug":"espace-entreprises","status":"publish","type":"page","link":"https:\/\/souslaileduphoenix.com\/index.php\/espace-entreprises\/","title":{"rendered":"Espace entreprises"},"content":{"rendered":"\n<div class=\"forminator-guttenberg\"><div class=\"forminator-ui forminator-custom-form forminator-custom-form-2485 forminator-design--default  forminator_ajax\" data-forminator-render=\"0\" data-form=\"forminator-module-2485\" data-uid=\"69df05ae51b46\"><br\/><\/div><form\n\t\t\t\tid=\"forminator-module-2485\"\n\t\t\t\tclass=\"forminator-ui forminator-custom-form forminator-custom-form-2485 forminator-design--default  forminator_ajax\"\n\t\t\t\tmethod=\"post\"\n\t\t\t\tdata-forminator-render=\"0\"\n\t\t\t\tdata-form-id=\"2485\"\n\t\t\t\t data-color-option=\"default\" data-design=\"default\" data-grid=\"open\" style=\"display: none;\"\n\t\t\t\tdata-uid=\"69df05ae51b46\"\n\t\t\t><div role=\"alert\" aria-live=\"polite\" class=\"forminator-response-message forminator-error\" aria-hidden=\"true\"><\/div><div class=\"forminator-row\"><div id=\"checkbox-1\" class=\"forminator-field-checkbox forminator-col forminator-col-12 \"><div role=\"group\" class=\"forminator-field\" aria-labelledby=\"forminator-checkbox-group-forminator-field-checkbox-1-69df05ae51b46-label\"><span id=\"forminator-checkbox-group-forminator-field-checkbox-1-69df05ae51b46-label\" class=\"forminator-label\">Prestations souhait\u00e9es<\/span><label id=\"forminator-field-checkbox-1-1-69df05ae51b46-label\" for=\"forminator-field-checkbox-1-1-69df05ae51b46\" class=\"forminator-checkbox forminator-checkbox-inline\" title=\"S\u00e9ances individuelles\"><input type=\"checkbox\" name=\"checkbox-1[]\" value=\"service-1\" id=\"forminator-field-checkbox-1-1-69df05ae51b46\" aria-labelledby=\"forminator-field-checkbox-1-1-69df05ae51b46-label\" data-calculation=\"0\"   aria-describedby=\"forminator-field-checkbox-1-69df05ae51b46-description\"\/><span class=\"forminator-checkbox-box\" aria-hidden=\"true\"><\/span><span class=\"forminator-checkbox-label\">S\u00e9ances individuelles<\/span><\/label><label id=\"forminator-field-checkbox-1-2-69df05ae51b46-label\" for=\"forminator-field-checkbox-1-2-69df05ae51b46\" class=\"forminator-checkbox forminator-checkbox-inline\" title=\"S\u00e9ances collectives\"><input type=\"checkbox\" name=\"checkbox-1[]\" value=\"service-2\" id=\"forminator-field-checkbox-1-2-69df05ae51b46\" aria-labelledby=\"forminator-field-checkbox-1-2-69df05ae51b46-label\" data-calculation=\"0\"   aria-describedby=\"forminator-field-checkbox-1-69df05ae51b46-description\"\/><span class=\"forminator-checkbox-box\" aria-hidden=\"true\"><\/span><span class=\"forminator-checkbox-label\">S\u00e9ances collectives<\/span><\/label><label id=\"forminator-field-checkbox-1-3-69df05ae51b46-label\" for=\"forminator-field-checkbox-1-3-69df05ae51b46\" class=\"forminator-checkbox forminator-checkbox-inline\" title=\"Ateliers collectifs\"><input type=\"checkbox\" name=\"checkbox-1[]\" value=\"Ateliers-colle\u00e7tifs\" id=\"forminator-field-checkbox-1-3-69df05ae51b46\" aria-labelledby=\"forminator-field-checkbox-1-3-69df05ae51b46-label\" data-calculation=\"0\"   aria-describedby=\"forminator-field-checkbox-1-69df05ae51b46-description\"\/><span class=\"forminator-checkbox-box\" aria-hidden=\"true\"><\/span><span class=\"forminator-checkbox-label\">Ateliers collectifs<\/span><\/label><label id=\"forminator-field-checkbox-1-4-69df05ae51b46-label\" for=\"forminator-field-checkbox-1-4-69df05ae51b46\" class=\"forminator-checkbox forminator-checkbox-inline\" title=\"Autres\"><input type=\"checkbox\" name=\"checkbox-1[]\" value=\"Autres\" id=\"forminator-field-checkbox-1-4-69df05ae51b46\" aria-labelledby=\"forminator-field-checkbox-1-4-69df05ae51b46-label\" data-calculation=\"0\"   aria-describedby=\"forminator-field-checkbox-1-69df05ae51b46-description\"\/><span class=\"forminator-checkbox-box\" aria-hidden=\"true\"><\/span><span class=\"forminator-checkbox-label\">Autres<\/span><\/label><span id=\"forminator-field-checkbox-1-69df05ae51b46-description\" class=\"forminator-description\">Toutes les prestations peuvent \u00eatre personnalis\u00e9es.<\/span><\/div><\/div><\/div><div class=\"forminator-row\"><div id=\"checkbox-2\" class=\"forminator-field-checkbox forminator-col forminator-col-12 \"><div role=\"group\" class=\"forminator-field\" aria-labelledby=\"forminator-checkbox-group-forminator-field-checkbox-2-69df05ae51b46-label\"><span id=\"forminator-checkbox-group-forminator-field-checkbox-2-69df05ae51b46-label\" class=\"forminator-label\">D\u00e9tails des prestations<\/span><label id=\"forminator-field-checkbox-2-1-69df05ae51b46-label\" for=\"forminator-field-checkbox-2-1-69df05ae51b46\" class=\"forminator-checkbox\" title=\"Recevoir le catalogue de prestations\"><input type=\"checkbox\" name=\"checkbox-2[]\" value=\"one\" id=\"forminator-field-checkbox-2-1-69df05ae51b46\" aria-labelledby=\"forminator-field-checkbox-2-1-69df05ae51b46-label\" data-calculation=\"0\"   data-hidden-behavior=\"zero\"\/><span class=\"forminator-checkbox-box\" aria-hidden=\"true\"><\/span><span class=\"forminator-checkbox-label\">Recevoir le catalogue de prestations<\/span><\/label><\/div><\/div><\/div><div class=\"forminator-row\"><div id=\"textarea-1\" class=\"forminator-field-textarea forminator-col forminator-col-12 \"><div class=\"forminator-field\"><label for=\"forminator-field-textarea-1_69df05ae51b46\" id=\"forminator-field-textarea-1_69df05ae51b46-label\" class=\"forminator-label\">Informations compl\u00e9mentaires.<\/label><textarea name=\"textarea-1\" placeholder=\"Vos pouvez d\u00e9crire ici vos demandes et poser vos \u00e9ventuelles questions.\" id=\"forminator-field-textarea-1_69df05ae51b46\" class=\"forminator-textarea\" rows=\"6\" style=\"min-height:140px;\" maxlength=\"300\" ><\/textarea><span id=\"forminator-field-textarea-1_69df05ae51b46-description\" class=\"forminator-description\"><span data-limit=\"300\" data-type=\"characters\" data-editor=\"\">0 \/ 300<\/span><\/span><\/div><\/div><\/div><div class=\"forminator-row\"><div id=\"name-2\" class=\"forminator-field-name forminator-col forminator-col-12 \"><div class=\"forminator-field\"><label for=\"forminator-field-name-2_69df05ae51b46\" id=\"forminator-field-name-2_69df05ae51b46-label\" class=\"forminator-label\">Nom de l\u2019entreprise <span class=\"forminator-required\">*<\/span><\/label><input type=\"text\" name=\"name-2\" value=\"\" placeholder=\"\" id=\"forminator-field-name-2_69df05ae51b46\" class=\"forminator-input forminator-name--field\" aria-required=\"true\" autocomplete=\"name\" \/><\/div><\/div><\/div><div class=\"forminator-row\"><div id=\"name-1\" class=\"forminator-field-name forminator-col forminator-col-12 \"><div class=\"forminator-row forminator-no-margin\" data-multiple=\"true\"><div class=\"forminator-col forminator-col-md-6\"><div class=\"forminator-field\"><label for=\"forminator-field-first-name-1_69df05ae51b46\" id=\"forminator-field-first-name-1_69df05ae51b46-label\" class=\"forminator-label\">Pr\u00e9nom <span class=\"forminator-required\">*<\/span><\/label><input type=\"text\" name=\"name-1-first-name\" placeholder=\"\" id=\"forminator-field-first-name-1_69df05ae51b46\" class=\"forminator-input\" aria-required=\"true\" data-multi=\"1\" autocomplete=\"given-name\" value=\"\" \/><\/div><\/div><div class=\"forminator-col forminator-col-md-6\"><div class=\"forminator-field\"><label for=\"forminator-field-last-name-1_69df05ae51b46\" id=\"forminator-field-last-name-1_69df05ae51b46-label\" class=\"forminator-label\">Nom de famille <span class=\"forminator-required\">*<\/span><\/label><input type=\"text\" name=\"name-1-last-name\" placeholder=\"\" id=\"forminator-field-last-name-1_69df05ae51b46\" class=\"forminator-input\" aria-required=\"true\" data-multi=\"1\" autocomplete=\"family-name\" value=\"\" \/><\/div><\/div><\/div><\/div><\/div><div class=\"forminator-row\"><div id=\"email-1\" class=\"forminator-field-email forminator-col forminator-col-6 \"><div class=\"forminator-field\"><label for=\"forminator-field-email-1_69df05ae51b46\" id=\"forminator-field-email-1_69df05ae51b46-label\" class=\"forminator-label\">Adresse de messagerie <span class=\"forminator-required\">*<\/span><\/label><input type=\"email\" name=\"email-1\" value=\"\" placeholder=\"\" id=\"forminator-field-email-1_69df05ae51b46\" class=\"forminator-input forminator-email--field\" data-required=\"true\" aria-required=\"true\" autocomplete=\"email\" \/><\/div><\/div><div id=\"phone-1\" class=\"forminator-field-phone forminator-col forminator-col-6 \"><div class=\"forminator-field\"><label for=\"forminator-field-phone-1_69df05ae51b46\" id=\"forminator-field-phone-1_69df05ae51b46-label\" class=\"forminator-label\">Num\u00e9ro de t\u00e9l\u00e9phone <span class=\"forminator-required\">*<\/span><\/label><input type=\"text\" name=\"phone-1\" value=\"\" placeholder=\"\" id=\"forminator-field-phone-1_69df05ae51b46\" class=\"forminator-input forminator-field--phone\" data-required=\"1\" aria-required=\"true\" autocomplete=\"off\" data-national_mode=\"enabled\" data-country=\"fr\" data-validation=\"standard\" \/><\/div><\/div><\/div><div class=\"forminator-row\"><div id=\"address-1\" class=\"forminator-field-address forminator-col forminator-col-12 \"><div class=\"forminator-row\" data-multiple=\"false\"><div id=\"address-1-zip\" class=\"forminator-col forminator-col-12\"><div class=\"forminator-field\"><label for=\"forminator-field-address-1-zip_69df05ae51b46\" id=\"forminator-field-address-1-zip_69df05ae51b46-label\" class=\"forminator-label\">Code postal de l\u2019entreprise <span class=\"forminator-required\">*<\/span><\/label><input type=\"text\" name=\"address-1-zip\" placeholder=\"\" id=\"forminator-field-address-1-zip_69df05ae51b46\" class=\"forminator-input\" autocomplete=\"postal-code\" value=\"\" \/><\/div><\/div><\/div><\/div><\/div><input type=\"hidden\" name=\"referer_url\" value=\"\" \/><div class=\"forminator-row forminator-row-last\"><div class=\"forminator-col\"><div class=\"forminator-field\"><button class=\"forminator-button forminator-button-submit\">Demander un devis<\/button><\/div><\/div><\/div><input type=\"hidden\" id=\"forminator_nonce\" name=\"forminator_nonce\" value=\"e112024df3\" \/><input type=\"hidden\" name=\"_wp_http_referer\" value=\"\/index.php\/wp-json\/wp\/v2\/pages\/2482\" \/><input type=\"hidden\" name=\"form_id\" value=\"2485\"><input type=\"hidden\" name=\"page_id\" value=\"2482\"><input type=\"hidden\" name=\"form_type\" value=\"default\"><input type=\"hidden\" name=\"current_url\" value=\"https:\/\/souslaileduphoenix.com\/index.php\/espace-entreprises\/\"><input type=\"hidden\" name=\"render_id\" value=\"0\"><input type=\"hidden\" name=\"action\" value=\"forminator_submit_form_custom-forms\"><label for=\"input_9\" class=\"forminator-hidden\" aria-hidden=\"true\">Veuillez ne pas remplir ce champ. <input id=\"input_9\" type=\"text\" name=\"input_9\" value=\"\" autocomplete=\"off\"><\/label><\/form><\/div>\n\n\n\n<p><\/p>\n","protected":false},"excerpt":{"rendered":"","protected":false},"author":1,"featured_media":0,"parent":0,"menu_order":0,"comment_status":"closed","ping_status":"closed","template":"","meta":{"om_disable_all_campaigns":false,"_monsterinsights_skip_tracking":false,"_monsterinsights_sitenote_active":false,"_monsterinsights_sitenote_note":"","_monsterinsights_sitenote_category":0,"footnotes":""},"class_list":["post-2482","page","type-page","status-publish","hentry"],"aioseo_notices":[],"jetpack_sharing_enabled":true,"_links":{"self":[{"href":"https:\/\/souslaileduphoenix.com\/index.php\/wp-json\/wp\/v2\/pages\/2482","targetHints":{"allow":["GET"]}}],"collection":[{"href":"https:\/\/souslaileduphoenix.com\/index.php\/wp-json\/wp\/v2\/pages"}],"about":[{"href":"https:\/\/souslaileduphoenix.com\/index.php\/wp-json\/wp\/v2\/types\/page"}],"author":[{"embeddable":true,"href":"https:\/\/souslaileduphoenix.com\/index.php\/wp-json\/wp\/v2\/users\/1"}],"replies":[{"embeddable":true,"href":"https:\/\/souslaileduphoenix.com\/index.php\/wp-json\/wp\/v2\/comments?post=2482"}],"version-history":[{"count":4,"href":"https:\/\/souslaileduphoenix.com\/index.php\/wp-json\/wp\/v2\/pages\/2482\/revisions"}],"predecessor-version":[{"id":2492,"href":"https:\/\/souslaileduphoenix.com\/index.php\/wp-json\/wp\/v2\/pages\/2482\/revisions\/2492"}],"wp:attachment":[{"href":"https:\/\/souslaileduphoenix.com\/index.php\/wp-json\/wp\/v2\/media?parent=2482"}],"curies":[{"name":"wp","href":"https:\/\/api.w.org\/{rel}","templated":true}]}}