{"id":41,"date":"2023-03-19T17:13:45","date_gmt":"2023-03-19T16:13:45","guid":{"rendered":"http:\/\/souslae.cluster027.hosting.ovh.net\/?page_id=41"},"modified":"2026-01-27T08:43:52","modified_gmt":"2026-01-27T07:43:52","slug":"une-seance","status":"publish","type":"page","link":"https:\/\/souslaileduphoenix.com\/index.php\/une-seance\/","title":{"rendered":"D\u00e9roulement de s\u00e9ance"},"content":{"rendered":"\t\t<div data-elementor-type=\"wp-page\" data-elementor-id=\"41\" class=\"elementor elementor-41\">\n\t\t\t\t\t\t<section class=\"elementor-section elementor-top-section elementor-element elementor-element-ec827a6 elementor-section-boxed elementor-section-height-default elementor-section-height-default\" data-id=\"ec827a6\" data-element_type=\"section\" data-e-type=\"section\">\n\t\t\t\t\t\t<div class=\"elementor-container elementor-column-gap-default\">\n\t\t\t\t\t<div class=\"elementor-column elementor-col-100 elementor-top-column elementor-element elementor-element-1fe0142\" data-id=\"1fe0142\" data-element_type=\"column\" data-e-type=\"column\">\n\t\t\t<div class=\"elementor-widget-wrap elementor-element-populated\">\n\t\t\t\t\t\t<div class=\"elementor-element elementor-element-9b4ad11 elementor-widget elementor-widget-heading\" data-id=\"9b4ad11\" data-element_type=\"widget\" data-e-type=\"widget\" data-widget_type=\"heading.default\">\n\t\t\t\t<div class=\"elementor-widget-container\">\n\t\t\t\t\t<h2 class=\"elementor-heading-title elementor-size-default\">D\u00e9roulement d'une s\u00e9ance<\/h2>\t\t\t\t<\/div>\n\t\t\t\t<\/div>\n\t\t\t\t\t<\/div>\n\t\t<\/div>\n\t\t\t\t\t<\/div>\n\t\t<\/section>\n\t\t\t\t<section class=\"elementor-section elementor-top-section elementor-element elementor-element-31f465c elementor-section-boxed elementor-section-height-default elementor-section-height-default\" data-id=\"31f465c\" data-element_type=\"section\" data-e-type=\"section\">\n\t\t\t\t\t\t<div class=\"elementor-container elementor-column-gap-default\">\n\t\t\t\t\t<div class=\"elementor-column elementor-col-100 elementor-top-column elementor-element elementor-element-110d9fe\" data-id=\"110d9fe\" data-element_type=\"column\" data-e-type=\"column\">\n\t\t\t<div class=\"elementor-widget-wrap elementor-element-populated\">\n\t\t\t\t\t\t<section class=\"elementor-section elementor-inner-section elementor-element elementor-element-0728c3b elementor-section-boxed elementor-section-height-default elementor-section-height-default\" data-id=\"0728c3b\" data-element_type=\"section\" data-e-type=\"section\">\n\t\t\t\t\t\t<div class=\"elementor-container elementor-column-gap-default\">\n\t\t\t\t\t<div class=\"elementor-column elementor-col-33 elementor-inner-column elementor-element elementor-element-8929502\" data-id=\"8929502\" data-element_type=\"column\" data-e-type=\"column\">\n\t\t\t<div class=\"elementor-widget-wrap elementor-element-populated\">\n\t\t\t\t\t\t<div class=\"elementor-element elementor-element-35d8370 elementor-invisible elementor-widget elementor-widget-image\" data-id=\"35d8370\" data-element_type=\"widget\" data-e-type=\"widget\" data-settings=\"{&quot;_animation&quot;:&quot;fadeInLeft&quot;}\" data-widget_type=\"image.default\">\n\t\t\t\t<div class=\"elementor-widget-container\">\n\t\t\t\t\t\t\t\t\t\t\t\t\t\t\t<img fetchpriority=\"high\" decoding=\"async\" width=\"1024\" height=\"683\" src=\"https:\/\/souslaileduphoenix.com\/wp-content\/uploads\/2025\/02\/Meilleur-kinesiologue-isere-1024x683.jpg\" class=\"attachment-large size-large wp-image-2889\" alt=\"Une s\u00e9ance de kinesiologie en isere\" srcset=\"https:\/\/souslaileduphoenix.com\/wp-content\/uploads\/2025\/02\/Meilleur-kinesiologue-isere-1024x683.jpg 1024w, https:\/\/souslaileduphoenix.com\/wp-content\/uploads\/2025\/02\/Meilleur-kinesiologue-isere-300x200.jpg 300w, https:\/\/souslaileduphoenix.com\/wp-content\/uploads\/2025\/02\/Meilleur-kinesiologue-isere-768x512.jpg 768w, https:\/\/souslaileduphoenix.com\/wp-content\/uploads\/2025\/02\/Meilleur-kinesiologue-isere-1536x1024.jpg 1536w, https:\/\/souslaileduphoenix.com\/wp-content\/uploads\/2025\/02\/Meilleur-kinesiologue-isere-2048x1365.jpg 2048w, https:\/\/souslaileduphoenix.com\/wp-content\/uploads\/2025\/02\/Meilleur-kinesiologue-isere-450x300.jpg 450w\" sizes=\"(max-width: 1024px) 100vw, 1024px\" \/>\t\t\t\t\t\t\t\t\t\t\t\t\t\t\t<\/div>\n\t\t\t\t<\/div>\n\t\t\t\t\t<\/div>\n\t\t<\/div>\n\t\t\t\t<div class=\"elementor-column elementor-col-66 elementor-inner-column elementor-element elementor-element-e173e81\" data-id=\"e173e81\" data-element_type=\"column\" data-e-type=\"column\">\n\t\t\t<div class=\"elementor-widget-wrap elementor-element-populated\">\n\t\t\t\t\t\t<div class=\"elementor-element elementor-element-44bb020 elementor-widget__width-initial elementor-invisible elementor-widget elementor-widget-text-editor\" data-id=\"44bb020\" data-element_type=\"widget\" data-e-type=\"widget\" data-settings=\"{&quot;_animation&quot;:&quot;fadeIn&quot;}\" data-widget_type=\"text-editor.default\">\n\t\t\t\t<div class=\"elementor-widget-container\">\n\t\t\t\t\t\t\t\t\t<p style=\"font-style: normal; font-variant-ligatures: normal; font-variant-caps: normal; font-size: 16px; font-family: Roboto, sans-serif; text-indent: 0px;\"><span style=\"font-weight: 400;\">Le kin\u00e9siologue <\/span><span style=\"color: #7654bf;\"><strong>n&rsquo;\u00e9tablit aucun diagnostic m\u00e9dical<\/strong><\/span><span style=\"font-weight: 400;\">,\u00a0ne vous demandera jamais d\u2019interrompre votre traitement m\u00e9dical.<\/span><\/p>\n<p style=\"font-style: normal; font-variant-ligatures: normal; font-variant-caps: normal; font-size: 16px; font-family: Roboto, sans-serif; text-indent: 0px;\"><span style=\"font-weight: 400;\">Il apporte<\/span> <span style=\"color: #7654bf;\"><strong>un compl\u00e9ment<\/strong> <\/span>aux professionnels de sant\u00e9 dans le domaine de la gestion du stress et des \u00e9motions.\u00a0<\/p>\n<p style=\"font-style: normal; font-variant-ligatures: normal; font-variant-caps: normal; font-size: 16px; font-family: Roboto, sans-serif; text-indent: 0px;\">Les s\u00e9ances se d\u00e9roulent principalement en position allong\u00e9e et toujours habill\u00e9, il vous sera demand\u00e9 d&rsquo;\u00f4ter vos chaussures.<\/p>\n<p style=\"font-style: normal; font-variant-ligatures: normal; font-variant-caps: normal; font-size: 16px; font-family: Roboto, sans-serif; text-indent: 0px;\">Pour les enfants, la pr\u00e9sence d&rsquo;un parent est <span style=\"text-decoration: underline; color: #7654bf;\"><strong>obligatoire.<\/strong><\/span><\/p>\n<p style=\"font-style: normal; font-variant-ligatures: normal; font-variant-caps: normal; font-size: 16px; font-family: Roboto, sans-serif; text-indent: 0px;\">Pour les adolescents, la pr\u00e9sence d\u2019un parent durant la s\u00e9ance est \u00e0 discuter en amont de la s\u00e9ance entre les parents et l\u2019adolescent concern\u00e9. Dans tous les cas, le parent sera pr\u00e9sent pour le d\u00e9briefing de fin de s\u00e9ance.<\/p>\t\t\t\t\t\t\t\t<\/div>\n\t\t\t\t<\/div>\n\t\t\t\t\t<\/div>\n\t\t<\/div>\n\t\t\t\t\t<\/div>\n\t\t<\/section>\n\t\t\t\t\t<\/div>\n\t\t<\/div>\n\t\t\t\t\t<\/div>\n\t\t<\/section>\n\t\t\t\t<section class=\"elementor-section elementor-top-section elementor-element elementor-element-084a6dc elementor-section-boxed elementor-section-height-default elementor-section-height-default\" data-id=\"084a6dc\" data-element_type=\"section\" data-e-type=\"section\">\n\t\t\t\t\t\t<div class=\"elementor-container elementor-column-gap-default\">\n\t\t\t\t\t<div class=\"elementor-column elementor-col-100 elementor-top-column elementor-element elementor-element-6780f51\" data-id=\"6780f51\" data-element_type=\"column\" data-e-type=\"column\">\n\t\t\t<div class=\"elementor-widget-wrap elementor-element-populated\">\n\t\t\t\t\t\t<div class=\"elementor-element elementor-element-9fd9c25 elementor-invisible elementor-widget elementor-widget-heading\" data-id=\"9fd9c25\" data-element_type=\"widget\" data-e-type=\"widget\" data-settings=\"{&quot;_animation&quot;:&quot;zoomIn&quot;}\" data-widget_type=\"heading.default\">\n\t\t\t\t<div class=\"elementor-widget-container\">\n\t\t\t\t\t<h5 class=\"elementor-heading-title elementor-size-default\">Aucune s\u00e9ance de kin\u00e9siologie ne se ressemble, toutefois, elle se d\u00e9roule en g\u00e9n\u00e9rale en 4 phases : <\/h5>\t\t\t\t<\/div>\n\t\t\t\t<\/div>\n\t\t\t\t\t<\/div>\n\t\t<\/div>\n\t\t\t\t\t<\/div>\n\t\t<\/section>\n\t\t\t\t<section class=\"elementor-section elementor-top-section elementor-element elementor-element-e8dd334 elementor-section-boxed elementor-section-height-default elementor-section-height-default\" data-id=\"e8dd334\" data-element_type=\"section\" data-e-type=\"section\">\n\t\t\t\t\t\t<div class=\"elementor-container elementor-column-gap-extended\">\n\t\t\t\t\t<div class=\"elementor-column elementor-col-25 elementor-top-column elementor-element elementor-element-fb5b00e\" data-id=\"fb5b00e\" data-element_type=\"column\" data-e-type=\"column\">\n\t\t\t<div class=\"elementor-widget-wrap elementor-element-populated\">\n\t\t\t\t\t\t<div class=\"elementor-element elementor-element-dd5927a elementor-widget elementor-widget-heading\" data-id=\"dd5927a\" data-element_type=\"widget\" data-e-type=\"widget\" data-widget_type=\"heading.default\">\n\t\t\t\t<div class=\"elementor-widget-container\">\n\t\t\t\t\t<h4 class=\"elementor-heading-title elementor-size-default\">1<br>\u00c9CHANGES<\/h4>\t\t\t\t<\/div>\n\t\t\t\t<\/div>\n\t\t\t\t<div class=\"elementor-element elementor-element-c1ad3cc elementor-invisible elementor-widget elementor-widget-text-editor\" data-id=\"c1ad3cc\" data-element_type=\"widget\" data-e-type=\"widget\" data-settings=\"{&quot;_animation&quot;:&quot;fadeInLeft&quot;}\" data-widget_type=\"text-editor.default\">\n\t\t\t\t<div class=\"elementor-widget-container\">\n\t\t\t\t\t\t\t\t\t<p>En d\u00e9but de s\u00e9ance, nous \u00e9changeons autour de vos probl\u00e9matiques afin de clarifier vos attentes et d\u00e9finir votre objectif.<\/p>\n<p><span style=\"color: #7654bf;\"><strong>Seuls quelques mots peuvent suffire.<\/strong><\/span><\/p>\t\t\t\t\t\t\t\t<\/div>\n\t\t\t\t<\/div>\n\t\t\t\t\t<\/div>\n\t\t<\/div>\n\t\t\t\t<div class=\"elementor-column elementor-col-25 elementor-top-column elementor-element elementor-element-8017639\" data-id=\"8017639\" data-element_type=\"column\" data-e-type=\"column\">\n\t\t\t<div class=\"elementor-widget-wrap elementor-element-populated\">\n\t\t\t\t\t\t<div class=\"elementor-element elementor-element-23b8aab elementor-widget elementor-widget-heading\" data-id=\"23b8aab\" data-element_type=\"widget\" data-e-type=\"widget\" data-widget_type=\"heading.default\">\n\t\t\t\t<div class=\"elementor-widget-container\">\n\t\t\t\t\t<h4 class=\"elementor-heading-title elementor-size-default\">2<br>RECHERCHES<\/h4>\t\t\t\t<\/div>\n\t\t\t\t<\/div>\n\t\t\t\t<div class=\"elementor-element elementor-element-f9b17f8 elementor-invisible elementor-widget elementor-widget-text-editor\" data-id=\"f9b17f8\" data-element_type=\"widget\" data-e-type=\"widget\" data-settings=\"{&quot;_animation&quot;:&quot;fadeInDown&quot;}\" data-widget_type=\"text-editor.default\">\n\t\t\t\t<div class=\"elementor-widget-container\">\n\t\t\t\t\t\t\t\t\t<p>Avec le <span style=\"color: #7654bf;\"><strong>test musculaire<\/strong><\/span> (pression douce sur l&rsquo;avant bras), j&rsquo;installe un dialogue avec votre corps, votre inconscient, pour rechercher des informations, aller \u00e0 <span style=\"color: #7654bf;\"><strong>la source de vos blocages<\/strong><\/span> et <span style=\"color: #7654bf;\"><strong>identifier vos ressources.\u00a0<\/strong><\/span><\/p>\t\t\t\t\t\t\t\t<\/div>\n\t\t\t\t<\/div>\n\t\t\t\t\t<\/div>\n\t\t<\/div>\n\t\t\t\t<div class=\"elementor-column elementor-col-25 elementor-top-column elementor-element elementor-element-5ee159c\" data-id=\"5ee159c\" data-element_type=\"column\" data-e-type=\"column\">\n\t\t\t<div class=\"elementor-widget-wrap elementor-element-populated\">\n\t\t\t\t\t\t<div class=\"elementor-element elementor-element-f5655fc elementor-widget elementor-widget-heading\" data-id=\"f5655fc\" data-element_type=\"widget\" data-e-type=\"widget\" data-widget_type=\"heading.default\">\n\t\t\t\t<div class=\"elementor-widget-container\">\n\t\t\t\t\t<h4 class=\"elementor-heading-title elementor-size-default\">3<br>\u00c9QUILIBRATIONS<\/h4>\t\t\t\t<\/div>\n\t\t\t\t<\/div>\n\t\t\t\t<div class=\"elementor-element elementor-element-e81cbfe elementor-invisible elementor-widget elementor-widget-text-editor\" data-id=\"e81cbfe\" data-element_type=\"widget\" data-e-type=\"widget\" data-settings=\"{&quot;_animation&quot;:&quot;fadeInUp&quot;}\" data-widget_type=\"text-editor.default\">\n\t\t\t\t<div class=\"elementor-widget-container\">\n\t\t\t\t\t\t\t\t\t<p>Le test musculaire me permet de trouver la technique d&rsquo;\u00e9quilibration* <span style=\"color: #7654bf;\"><strong>qui convient le mieux \u00e0 vos besoins<\/strong>.<\/span>\u00a0<\/p>\t\t\t\t\t\t\t\t<\/div>\n\t\t\t\t<\/div>\n\t\t\t\t\t<\/div>\n\t\t<\/div>\n\t\t\t\t<div class=\"elementor-column elementor-col-25 elementor-top-column elementor-element elementor-element-6c5a7b4\" data-id=\"6c5a7b4\" data-element_type=\"column\" data-e-type=\"column\">\n\t\t\t<div class=\"elementor-widget-wrap elementor-element-populated\">\n\t\t\t\t\t\t<div class=\"elementor-element elementor-element-8e735e9 elementor-widget elementor-widget-heading\" data-id=\"8e735e9\" data-element_type=\"widget\" data-e-type=\"widget\" data-widget_type=\"heading.default\">\n\t\t\t\t<div class=\"elementor-widget-container\">\n\t\t\t\t\t<h4 class=\"elementor-heading-title elementor-size-default\">4<br>BILAN<\/h4>\t\t\t\t<\/div>\n\t\t\t\t<\/div>\n\t\t\t\t<div class=\"elementor-element elementor-element-267a500 elementor-invisible elementor-widget elementor-widget-text-editor\" data-id=\"267a500\" data-element_type=\"widget\" data-e-type=\"widget\" data-settings=\"{&quot;_animation&quot;:&quot;fadeInRight&quot;}\" data-widget_type=\"text-editor.default\">\n\t\t\t\t<div class=\"elementor-widget-container\">\n\t\t\t\t\t\t\t\t\t<p>En fin de s\u00e9ance, un temps est pris pour <span style=\"color: #7654bf;\"><strong>r\u00e9pondre aux \u00e9ventuelles questions<\/strong><\/span><b>.<\/b>\u00a0<\/p>\t\t\t\t\t\t\t\t<\/div>\n\t\t\t\t<\/div>\n\t\t\t\t\t<\/div>\n\t\t<\/div>\n\t\t\t\t\t<\/div>\n\t\t<\/section>\n\t\t\t\t<section class=\"elementor-section elementor-top-section elementor-element elementor-element-15fffe9 elementor-section-boxed elementor-section-height-default elementor-section-height-default\" data-id=\"15fffe9\" data-element_type=\"section\" data-e-type=\"section\">\n\t\t\t\t\t\t<div class=\"elementor-container elementor-column-gap-default\">\n\t\t\t\t\t<div class=\"elementor-column elementor-col-50 elementor-top-column elementor-element elementor-element-3378f1c\" data-id=\"3378f1c\" data-element_type=\"column\" data-e-type=\"column\">\n\t\t\t<div class=\"elementor-widget-wrap elementor-element-populated\">\n\t\t\t\t\t\t<div class=\"elementor-element elementor-element-61efb62 elementor-invisible elementor-widget elementor-widget-image\" data-id=\"61efb62\" data-element_type=\"widget\" data-e-type=\"widget\" data-settings=\"{&quot;_animation&quot;:&quot;slideInLeft&quot;}\" data-widget_type=\"image.default\">\n\t\t\t\t<div class=\"elementor-widget-container\">\n\t\t\t\t\t\t\t\t\t\t\t\t\t\t\t<img decoding=\"async\" width=\"200\" height=\"300\" src=\"https:\/\/souslaileduphoenix.com\/wp-content\/uploads\/2025\/02\/Isere-kinesiologie-200x300.jpg\" class=\"attachment-medium size-medium wp-image-2890\" alt=\"Trouver une kinesiologue en isere\" srcset=\"https:\/\/souslaileduphoenix.com\/wp-content\/uploads\/2025\/02\/Isere-kinesiologie-200x300.jpg 200w, https:\/\/souslaileduphoenix.com\/wp-content\/uploads\/2025\/02\/Isere-kinesiologie-683x1024.jpg 683w, https:\/\/souslaileduphoenix.com\/wp-content\/uploads\/2025\/02\/Isere-kinesiologie-768x1152.jpg 768w, https:\/\/souslaileduphoenix.com\/wp-content\/uploads\/2025\/02\/Isere-kinesiologie-1024x1536.jpg 1024w, https:\/\/souslaileduphoenix.com\/wp-content\/uploads\/2025\/02\/Isere-kinesiologie-1365x2048.jpg 1365w, https:\/\/souslaileduphoenix.com\/wp-content\/uploads\/2025\/02\/Isere-kinesiologie-scaled.jpg 1707w\" sizes=\"(max-width: 200px) 100vw, 200px\" \/>\t\t\t\t\t\t\t\t\t\t\t\t\t\t\t<\/div>\n\t\t\t\t<\/div>\n\t\t\t\t\t<\/div>\n\t\t<\/div>\n\t\t\t\t<div class=\"elementor-column elementor-col-50 elementor-top-column elementor-element elementor-element-6f9e87f\" data-id=\"6f9e87f\" data-element_type=\"column\" data-e-type=\"column\">\n\t\t\t<div class=\"elementor-widget-wrap elementor-element-populated\">\n\t\t\t\t\t\t<div class=\"elementor-element elementor-element-8fc9e6a elementor-invisible elementor-widget elementor-widget-image\" data-id=\"8fc9e6a\" data-element_type=\"widget\" data-e-type=\"widget\" data-settings=\"{&quot;_animation&quot;:&quot;slideInRight&quot;}\" data-widget_type=\"image.default\">\n\t\t\t\t<div class=\"elementor-widget-container\">\n\t\t\t\t\t\t\t\t\t\t\t\t\t\t\t<img decoding=\"async\" width=\"200\" height=\"300\" src=\"https:\/\/souslaileduphoenix.com\/wp-content\/uploads\/2025\/02\/Kinesiologie-isere-1-200x300.jpg\" class=\"attachment-medium size-medium wp-image-2892\" alt=\"Cabinet de kinesiologie en isere proche de lyon\" srcset=\"https:\/\/souslaileduphoenix.com\/wp-content\/uploads\/2025\/02\/Kinesiologie-isere-1-200x300.jpg 200w, https:\/\/souslaileduphoenix.com\/wp-content\/uploads\/2025\/02\/Kinesiologie-isere-1-683x1024.jpg 683w, https:\/\/souslaileduphoenix.com\/wp-content\/uploads\/2025\/02\/Kinesiologie-isere-1-768x1152.jpg 768w, https:\/\/souslaileduphoenix.com\/wp-content\/uploads\/2025\/02\/Kinesiologie-isere-1-1024x1536.jpg 1024w, https:\/\/souslaileduphoenix.com\/wp-content\/uploads\/2025\/02\/Kinesiologie-isere-1-1365x2048.jpg 1365w, https:\/\/souslaileduphoenix.com\/wp-content\/uploads\/2025\/02\/Kinesiologie-isere-1-scaled.jpg 1707w\" sizes=\"(max-width: 200px) 100vw, 200px\" \/>\t\t\t\t\t\t\t\t\t\t\t\t\t\t\t<\/div>\n\t\t\t\t<\/div>\n\t\t\t\t\t<\/div>\n\t\t<\/div>\n\t\t\t\t\t<\/div>\n\t\t<\/section>\n\t\t\t\t<section class=\"elementor-section elementor-top-section elementor-element elementor-element-e4b6cfd elementor-section-boxed elementor-section-height-default elementor-section-height-default\" data-id=\"e4b6cfd\" data-element_type=\"section\" data-e-type=\"section\">\n\t\t\t\t\t\t<div class=\"elementor-container elementor-column-gap-default\">\n\t\t\t\t\t<div class=\"elementor-column elementor-col-100 elementor-top-column elementor-element elementor-element-f5ea5cc\" data-id=\"f5ea5cc\" data-element_type=\"column\" data-e-type=\"column\">\n\t\t\t<div class=\"elementor-widget-wrap elementor-element-populated\">\n\t\t\t\t\t\t<div class=\"elementor-element elementor-element-843f12a elementor-align-center elementor-widget elementor-widget-button\" data-id=\"843f12a\" data-element_type=\"widget\" data-e-type=\"widget\" data-widget_type=\"button.default\">\n\t\t\t\t<div class=\"elementor-widget-container\">\n\t\t\t\t\t\t\t\t\t<div class=\"elementor-button-wrapper\">\n\t\t\t\t\t<a class=\"elementor-button elementor-button-link elementor-size-sm\" href=\"https:\/\/souslaileduphoenix.com\/index.php\/la-kinesiologie\/\">\n\t\t\t\t\t\t<span class=\"elementor-button-content-wrapper\">\n\t\t\t\t\t\t\t\t\t<span class=\"elementor-button-text\">En savoir plus sur la kin\u00e9siologie<\/span>\n\t\t\t\t\t<\/span>\n\t\t\t\t\t<\/a>\n\t\t\t\t<\/div>\n\t\t\t\t\t\t\t\t<\/div>\n\t\t\t\t<\/div>\n\t\t\t\t<div class=\"elementor-element elementor-element-4e233a7 elementor-widget-divider--view-line elementor-widget elementor-widget-divider\" data-id=\"4e233a7\" data-element_type=\"widget\" data-e-type=\"widget\" data-widget_type=\"divider.default\">\n\t\t\t\t<div class=\"elementor-widget-container\">\n\t\t\t\t\t\t\t<div class=\"elementor-divider\">\n\t\t\t<span class=\"elementor-divider-separator\">\n\t\t\t\t\t\t<\/span>\n\t\t<\/div>\n\t\t\t\t\t\t<\/div>\n\t\t\t\t<\/div>\n\t\t\t\t<div class=\"elementor-element elementor-element-8df8f55 elementor-invisible elementor-widget elementor-widget-text-editor\" data-id=\"8df8f55\" data-element_type=\"widget\" data-e-type=\"widget\" data-settings=\"{&quot;_animation&quot;:&quot;fadeIn&quot;}\" data-widget_type=\"text-editor.default\">\n\t\t\t\t<div class=\"elementor-widget-container\">\n\t\t\t\t\t\t\t\t\t<p><em>*Parmi les techniques qui peuvent \u00eatre utilis\u00e9es :<\/em><\/p>\n<p><strong>&#8211;<span style=\"color: #7654bf;\">Touch for Health<\/span><\/strong>\u00ae\u00a0<span style=\"text-indent: 0em; color: var( --e-global-color-tex; text-align: inherit;\">(bas\u00e9e sur la m\u00e9decine traditionnelle chinoise) : stimulation de points d\u2019acupressures, de zones r\u00e9flexes, des m\u00e9ridiens, \u2026 <br \/><\/span><strong>&#8211;<span style=\"color: #7654bf;\">L\u2019\u00e9du-kin\u00e9siologie<\/span><\/strong>\u00a0(stimulation de zones c\u00e9r\u00e9brales par le mouvement) : mouvements doux et accessibles \u00e0 tous<br \/><strong>&#8211;<span style=\"color: #7654bf;\">Morphologie relationnelle<\/span><\/strong>\u00a0(prendre conscience de son mode de fonctionnement et de ses ressources)<br \/><strong>&#8211;<span style=\"color: #7654bf;\">L\u2019int\u00e9gration corps et mental<\/span><\/strong><span style=\"color: #7654bf;\">\u00a0<\/span>(lever un stress pass\u00e9) : r\u00e9p\u00e9tition de phrases, mouvements oculaires, \u2026<br \/><strong>&#8211;<span style=\"color: #7654bf;\">Les r\u00e9flexes archa\u00efques,<\/span><\/strong><br \/><strong>&#8211;<span style=\"color: #7654bf;\">Visualisation<\/span><mark class=\"has-inline-color has-accent-1-color\" style=\"background-color: rgba(0, 0, 0, 0);\"><\/mark><\/strong>,<br \/><strong>&#8211;<span style=\"color: #7654bf;\">\u2026<\/span><\/strong><\/p>\t\t\t\t\t\t\t\t<\/div>\n\t\t\t\t<\/div>\n\t\t\t\t<div class=\"elementor-element elementor-element-8a543d0 elementor-widget-divider--view-line elementor-widget elementor-widget-divider\" data-id=\"8a543d0\" data-element_type=\"widget\" data-e-type=\"widget\" data-widget_type=\"divider.default\">\n\t\t\t\t<div class=\"elementor-widget-container\">\n\t\t\t\t\t\t\t<div class=\"elementor-divider\">\n\t\t\t<span class=\"elementor-divider-separator\">\n\t\t\t\t\t\t<\/span>\n\t\t<\/div>\n\t\t\t\t\t\t<\/div>\n\t\t\t\t<\/div>\n\t\t\t\t\t<\/div>\n\t\t<\/div>\n\t\t\t\t\t<\/div>\n\t\t<\/section>\n\t\t\t\t<section class=\"elementor-section elementor-top-section elementor-element elementor-element-ff67784 elementor-section-boxed elementor-section-height-default elementor-section-height-default\" data-id=\"ff67784\" data-element_type=\"section\" data-e-type=\"section\">\n\t\t\t\t\t\t<div class=\"elementor-container elementor-column-gap-default\">\n\t\t\t\t\t<div class=\"elementor-column elementor-col-100 elementor-top-column elementor-element elementor-element-673f63b\" data-id=\"673f63b\" data-element_type=\"column\" data-e-type=\"column\">\n\t\t\t<div class=\"elementor-widget-wrap elementor-element-populated\">\n\t\t\t\t\t\t<div class=\"elementor-element elementor-element-aa02842 elementor-align-center elementor-invisible elementor-widget elementor-widget-button\" data-id=\"aa02842\" data-element_type=\"widget\" data-e-type=\"widget\" data-settings=\"{&quot;_animation&quot;:&quot;zoomIn&quot;}\" data-widget_type=\"button.default\">\n\t\t\t\t<div class=\"elementor-widget-container\">\n\t\t\t\t\t\t\t\t\t<div class=\"elementor-button-wrapper\">\n\t\t\t\t\t<a class=\"elementor-button elementor-button-link elementor-size-lg\" href=\"https:\/\/souslaileduphoenix.com\/index.php\/reservation\/\" target=\"_blank\">\n\t\t\t\t\t\t<span class=\"elementor-button-content-wrapper\">\n\t\t\t\t\t\t\t\t\t<span class=\"elementor-button-text\">r\u00e9servez votre s\u00e9ance<\/span>\n\t\t\t\t\t<\/span>\n\t\t\t\t\t<\/a>\n\t\t\t\t<\/div>\n\t\t\t\t\t\t\t\t<\/div>\n\t\t\t\t<\/div>\n\t\t\t\t\t<\/div>\n\t\t<\/div>\n\t\t\t\t\t<\/div>\n\t\t<\/section>\n\t\t\t\t<section class=\"elementor-section elementor-top-section elementor-element elementor-element-a49df7f elementor-section-boxed elementor-section-height-default elementor-section-height-default\" data-id=\"a49df7f\" data-element_type=\"section\" data-e-type=\"section\">\n\t\t\t\t\t\t<div class=\"elementor-container elementor-column-gap-default\">\n\t\t\t\t\t<div class=\"elementor-column elementor-col-100 elementor-top-column elementor-element elementor-element-cba11b8\" data-id=\"cba11b8\" data-element_type=\"column\" data-e-type=\"column\">\n\t\t\t<div class=\"elementor-widget-wrap\">\n\t\t\t\t\t\t\t<\/div>\n\t\t<\/div>\n\t\t\t\t\t<\/div>\n\t\t<\/section>\n\t\t\t\t<\/div>\n\t\t","protected":false},"excerpt":{"rendered":"<p>D\u00e9roulement d&rsquo;une s\u00e9ance Le kin\u00e9siologue n&rsquo;\u00e9tablit aucun diagnostic m\u00e9dical,\u00a0ne vous demandera jamais d\u2019interrompre votre traitement m\u00e9dical. Il apporte un compl\u00e9ment aux professionnels de sant\u00e9 dans &hellip;<\/p>\n","protected":false},"author":1,"featured_media":0,"parent":0,"menu_order":0,"comment_status":"closed","ping_status":"closed","template":"","meta":{"om_disable_all_campaigns":false,"_monsterinsights_skip_tracking":false,"_monsterinsights_sitenote_active":false,"_monsterinsights_sitenote_note":"","_monsterinsights_sitenote_category":0,"footnotes":""},"class_list":["post-41","page","type-page","status-publish","hentry"],"aioseo_notices":[],"jetpack_sharing_enabled":true,"_links":{"self":[{"href":"https:\/\/souslaileduphoenix.com\/index.php\/wp-json\/wp\/v2\/pages\/41","targetHints":{"allow":["GET"]}}],"collection":[{"href":"https:\/\/souslaileduphoenix.com\/index.php\/wp-json\/wp\/v2\/pages"}],"about":[{"href":"https:\/\/souslaileduphoenix.com\/index.php\/wp-json\/wp\/v2\/types\/page"}],"author":[{"embeddable":true,"href":"https:\/\/souslaileduphoenix.com\/index.php\/wp-json\/wp\/v2\/users\/1"}],"replies":[{"embeddable":true,"href":"https:\/\/souslaileduphoenix.com\/index.php\/wp-json\/wp\/v2\/comments?post=41"}],"version-history":[{"count":291,"href":"https:\/\/souslaileduphoenix.com\/index.php\/wp-json\/wp\/v2\/pages\/41\/revisions"}],"predecessor-version":[{"id":3906,"href":"https:\/\/souslaileduphoenix.com\/index.php\/wp-json\/wp\/v2\/pages\/41\/revisions\/3906"}],"wp:attachment":[{"href":"https:\/\/souslaileduphoenix.com\/index.php\/wp-json\/wp\/v2\/media?parent=41"}],"curies":[{"name":"wp","href":"https:\/\/api.w.org\/{rel}","templated":true}]}}